{"id":534,"date":"2023-03-08T11:17:13","date_gmt":"2023-03-08T10:17:13","guid":{"rendered":"https:\/\/www.ouagroup.com\/?page_id=534"},"modified":"2026-05-07T17:01:07","modified_gmt":"2026-05-07T15:01:07","slug":"home","status":"publish","type":"page","link":"https:\/\/www.ouagroup.com\/es\/","title":{"rendered":"Home"},"content":{"rendered":"\t\t<div data-elementor-type=\"wp-page\" data-elementor-id=\"534\" class=\"elementor elementor-534\" data-elementor-post-type=\"page\">\n\t\t\t\t<div class=\"elementor-element elementor-element-b50899f e-con-full animated-slow e-flex e-con e-parent\" data-id=\"b50899f\" data-element_type=\"container\" data-e-type=\"container\" data-settings=\"{&quot;background_background&quot;:&quot;classic&quot;,&quot;animation&quot;:&quot;none&quot;,&quot;animation_mobile&quot;:&quot;fadeIn&quot;,&quot;animation_delay&quot;:0}\">\n\t\t<div class=\"elementor-element elementor-element-ee72031 e-con-full e-flex e-con e-child\" data-id=\"ee72031\" data-element_type=\"container\" data-e-type=\"container\" data-settings=\"{&quot;background_background&quot;:&quot;video&quot;,&quot;background_play_on_mobile&quot;:&quot;yes&quot;}\">\n\t\t\t\t<\/div>\n\t\t\t\t<\/div>\n\t\t<div class=\"elementor-element elementor-element-41591a1d e-con-full e-flex e-con e-parent\" data-id=\"41591a1d\" data-element_type=\"container\" data-e-type=\"container\" data-settings=\"{&quot;background_background&quot;:&quot;classic&quot;}\">\n\t\t<div class=\"elementor-element elementor-element-6c3c4d7f e-con-full e-flex elementor-invisible e-con e-child\" data-id=\"6c3c4d7f\" data-element_type=\"container\" data-e-type=\"container\" data-settings=\"{&quot;animation&quot;:&quot;fadeIn&quot;}\">\n\t\t<div class=\"elementor-element elementor-element-7a7fff7c e-con-full e-flex e-con e-child\" data-id=\"7a7fff7c\" data-element_type=\"container\" data-e-type=\"container\">\n\t\t\t\t<div class=\"elementor-element elementor-element-7e1a425c elementor-widget__width-inherit elementor-widget elementor-widget-heading\" data-id=\"7e1a425c\" data-element_type=\"widget\" data-e-type=\"widget\" data-widget_type=\"heading.default\">\n\t\t\t\t<div class=\"elementor-widget-container\">\n\t\t\t\t\t<h1 class=\"elementor-heading-title elementor-size-default\">Estudio multidisciplinar de urbanismo, arquitectura, interiorismo, ingenier\u00eda y Despacho Legal<\/h1>\t\t\t\t<\/div>\n\t\t\t\t<\/div>\n\t\t\t\t<\/div>\n\t\t<div class=\"elementor-element elementor-element-2a53a794 e-con-full e-flex e-con e-child\" data-id=\"2a53a794\" data-element_type=\"container\" data-e-type=\"container\" data-settings=\"{&quot;background_background&quot;:&quot;classic&quot;}\">\n\t\t\t\t<div class=\"elementor-element elementor-element-3ad41c11 elementor-widget elementor-widget-text-editor\" data-id=\"3ad41c11\" data-element_type=\"widget\" data-e-type=\"widget\" data-widget_type=\"text-editor.default\">\n\t\t\t\t<div class=\"elementor-widget-container\">\n\t\t\t\t\t\t\t\t\t<p style=\"text-align: left;\">En OUA entendemos la arquitectura, el urbanismo y la ingenier\u00eda como herramientas para interpretar, ordenar y transformar el territorio.&nbsp;<\/p><p style=\"text-align: left;\">En OUA planificamos con visi\u00f3n, di\u00e1logo y responsabilidad. Creemos que el urbanismo es una de las herramientas p\u00fablicas m\u00e1s poderosas para construir bienestar, cohesi\u00f3n y futuro.<\/p>\t\t\t\t\t\t\t\t<\/div>\n\t\t\t\t<\/div>\n\t\t\t\t<\/div>\n\t\t\t\t<\/div>\n\t\t\t\t<\/div>\n\t\t\t\t<\/div>\n\t\t","protected":false},"excerpt":{"rendered":"<p>Estudio multidisciplinar de urbanismo, arquitectura, interiorismo, ingenier\u00eda y Despacho Legal En OUA entendemos la arquitectura, el urbanismo y la ingenier\u00eda como herramientas para interpretar, ordenar y transformar el territorio.&nbsp; En OUA planificamos con visi\u00f3n, di\u00e1logo y responsabilidad. Creemos que el urbanismo es una de las herramientas p\u00fablicas m\u00e1s poderosas para construir bienestar, cohesi\u00f3n y futuro.<\/p>\n","protected":false},"author":1,"featured_media":0,"parent":0,"menu_order":0,"comment_status":"closed","ping_status":"closed","template":"","meta":{"_acf_changed":false,"footnotes":""},"class_list":["post-534","page","type-page","status-publish","hentry"],"acf":[],"_links":{"self":[{"href":"https:\/\/www.ouagroup.com\/es\/wp-json\/wp\/v2\/pages\/534","targetHints":{"allow":["GET"]}}],"collection":[{"href":"https:\/\/www.ouagroup.com\/es\/wp-json\/wp\/v2\/pages"}],"about":[{"href":"https:\/\/www.ouagroup.com\/es\/wp-json\/wp\/v2\/types\/page"}],"author":[{"embeddable":true,"href":"https:\/\/www.ouagroup.com\/es\/wp-json\/wp\/v2\/users\/1"}],"replies":[{"embeddable":true,"href":"https:\/\/www.ouagroup.com\/es\/wp-json\/wp\/v2\/comments?post=534"}],"version-history":[{"count":221,"href":"https:\/\/www.ouagroup.com\/es\/wp-json\/wp\/v2\/pages\/534\/revisions"}],"predecessor-version":[{"id":6368,"href":"https:\/\/www.ouagroup.com\/es\/wp-json\/wp\/v2\/pages\/534\/revisions\/6368"}],"wp:attachment":[{"href":"https:\/\/www.ouagroup.com\/es\/wp-json\/wp\/v2\/media?parent=534"}],"curies":[{"name":"wp","href":"https:\/\/api.w.org\/{rel}","templated":true}]}}